{"id":2,"date":"2016-05-19T13:31:02","date_gmt":"2016-05-19T11:31:02","guid":{"rendered":"http:\/\/localhost\/isa\/?page_id=2"},"modified":"2025-10-26T13:55:45","modified_gmt":"2025-10-26T12:55:45","slug":"page-d-exemple","status":"publish","type":"page","link":"https:\/\/www.hie.mr\/","title":{"rendered":"Home"},"content":{"rendered":"<h2 style=\"text-align: center;\"><strong>Welcome Students of Higher Institute of English<\/strong><\/h2>\n<h4><div class=\"box note  \"><div class=\"box-inner-block\"><i class=\"fa tie-shortcode-boxicon\"><\/i>\n\t\t\tDear students You will begin your course on Monday 10th October 2016. Class starts at 9am everyday this week. Taxis are available from Big Market or you can take the Nouakchott university bus and request it to stop at Ribat Al Bahar (teapot round about), Classes finish at 1pm.\n\t\t\t<\/div><\/div><\/h4>\n<p>&nbsp;<\/p>\n<h4><div class=\"box note  \"><div class=\"box-inner-block\"><i class=\"fa tie-shortcode-boxicon\"><\/i>\n\t\t\tChers Etudiants L&rsquo;ouverture de l&rsquo;ann\u00e9e universitaire: Lundi 10 Octobre 2016. La classe commence \u00e0 9:00 tous les jours de cette semaine. Les taxis sont disponibles \u00e0 partir de Big Market. Vous pouvez \u00e9galement prendre les bus de l\u2019universit\u00e9 de Nouakchott et descendre \u00e0 la route de Ribat Al Bahar. Les cours se terminent \u00e0 13:00 \n\t\t\t<\/div><\/div><\/h4>\n<h3><\/h3>\n<h3><img loading=\"lazy\" decoding=\"async\" class=\"aligncenter wp-image-597 \" src=\"http:\/\/www.hie.mr\/wp-content\/uploads\/2016\/05\/HIE.jpg\" alt=\"hie\" width=\"766\" height=\"505\" srcset=\"https:\/\/www.hie.mr\/wp-content\/uploads\/2016\/05\/HIE.jpg 960w, https:\/\/www.hie.mr\/wp-content\/uploads\/2016\/05\/HIE-300x198.jpg 300w, https:\/\/www.hie.mr\/wp-content\/uploads\/2016\/05\/HIE-768x506.jpg 768w, https:\/\/www.hie.mr\/wp-content\/uploads\/2016\/05\/HIE-310x205.jpg 310w\" sizes=\"auto, (max-width: 766px) 100vw, 766px\" \/><\/h3>\n<p>&nbsp;<\/p>\n","protected":false},"excerpt":{"rendered":"<p>Welcome Students of Higher Institute of English &nbsp; &nbsp;<\/p>\n","protected":false},"author":1,"featured_media":0,"parent":0,"menu_order":0,"comment_status":"closed","ping_status":"closed","template":"","meta":{"footnotes":""},"class_list":["post-2","page","type-page","status-publish","hentry"],"_links":{"self":[{"href":"https:\/\/www.hie.mr\/index.php\/wp-json\/wp\/v2\/pages\/2","targetHints":{"allow":["GET"]}}],"collection":[{"href":"https:\/\/www.hie.mr\/index.php\/wp-json\/wp\/v2\/pages"}],"about":[{"href":"https:\/\/www.hie.mr\/index.php\/wp-json\/wp\/v2\/types\/page"}],"author":[{"embeddable":true,"href":"https:\/\/www.hie.mr\/index.php\/wp-json\/wp\/v2\/users\/1"}],"replies":[{"embeddable":true,"href":"https:\/\/www.hie.mr\/index.php\/wp-json\/wp\/v2\/comments?post=2"}],"version-history":[{"count":31,"href":"https:\/\/www.hie.mr\/index.php\/wp-json\/wp\/v2\/pages\/2\/revisions"}],"predecessor-version":[{"id":624,"href":"https:\/\/www.hie.mr\/index.php\/wp-json\/wp\/v2\/pages\/2\/revisions\/624"}],"wp:attachment":[{"href":"https:\/\/www.hie.mr\/index.php\/wp-json\/wp\/v2\/media?parent=2"}],"curies":[{"name":"wp","href":"https:\/\/api.w.org\/{rel}","templated":true}]}}